{"id":3380,"date":"2022-02-15T19:15:38","date_gmt":"2022-02-15T18:15:38","guid":{"rendered":"https:\/\/kontrapunktmusic.com\/product\/istvan-ujvari-basic-technical-and-scale-exercises-for-trumpet\/"},"modified":"2022-03-06T11:25:14","modified_gmt":"2022-03-06T10:25:14","slug":"trumpet","status":"publish","type":"product","link":"https:\/\/kontrapunktmusic.com\/en\/product\/trumpet\/","title":{"rendered":"Istv\u00e1n \u00dajv\u00e1ri: Elementary technique and scale studies for trumpet"},"content":{"rendered":"<p><span class=\"fontstyle0\">The <\/span><span class=\"fontstyle2\">Elementary Technique and Scale Studies for Trumpet <\/span><span class=\"fontstyle0\">is intended as elementary exercises for beginners and elementary level students. Slur exercises are thoroughly explained in Colin&#8217;s Trumpet School at both elementary level and advanced levels, Varasdy\u2013Nagyiv\u00e1n\u2013Szt\u00e1n: <\/span><span class=\"fontstyle3\">Trumpet School I-II-III-IV<\/span><span class=\"fontstyle0\">. <\/span><span class=\"fontstyle0\">also provides these very important exercises, therefore, in <\/span><span class=\"fontstyle2\">Elementary Technique and Scale Studies for Trumpet <\/span><span class=\"fontstyle0\">slur exercises are not included. I sincerely trust that the routines in this book can help beginner trumpet players with their problems (breathing technique, sound production, tongue technique, intonation and pitch development), so they can perform beautiful trumpet sound.<\/span><\/p>\n","protected":false},"excerpt":{"rendered":"<p>The Elementary Technique and Scale Studies for Trumpet is intended as elementary exercises for beginners and elementary level students. Slur exercises are thoroughly explained in Colin&#8217;s Trumpet School at both elementary level and advanced levels, Varasdy\u2013Nagyiv\u00e1n\u2013Szt\u00e1n: Trumpet School I-II-III-IV. also provides these very important exercises, therefore, in Elementary Technique and Scale Studies for Trumpet slur [&hellip;]<\/p>\n","protected":false},"featured_media":2643,"template":"","meta":{"ocean_post_layout":"","ocean_both_sidebars_style":"","ocean_both_sidebars_content_width":0,"ocean_both_sidebars_sidebars_width":0,"ocean_sidebar":"","ocean_second_sidebar":"","ocean_disable_margins":"enable","ocean_add_body_class":"","ocean_shortcode_before_top_bar":"","ocean_shortcode_after_top_bar":"","ocean_shortcode_before_header":"","ocean_shortcode_after_header":"","ocean_has_shortcode":"","ocean_shortcode_after_title":"","ocean_shortcode_before_footer_widgets":"","ocean_shortcode_after_footer_widgets":"","ocean_shortcode_before_footer_bottom":"","ocean_shortcode_after_footer_bottom":"","ocean_display_top_bar":"default","ocean_display_header":"default","ocean_header_style":"","ocean_center_header_left_menu":"","ocean_custom_header_template":"","ocean_custom_logo":0,"ocean_custom_retina_logo":0,"ocean_custom_logo_max_width":0,"ocean_custom_logo_tablet_max_width":0,"ocean_custom_logo_mobile_max_width":0,"ocean_custom_logo_max_height":0,"ocean_custom_logo_tablet_max_height":0,"ocean_custom_logo_mobile_max_height":0,"ocean_header_custom_menu":"","ocean_menu_typo_font_family":"","ocean_menu_typo_font_subset":"","ocean_menu_typo_font_size":0,"ocean_menu_typo_font_size_tablet":0,"ocean_menu_typo_font_size_mobile":0,"ocean_menu_typo_font_size_unit":"px","ocean_menu_typo_font_weight":"","ocean_menu_typo_font_weight_tablet":"","ocean_menu_typo_font_weight_mobile":"","ocean_menu_typo_transform":"","ocean_menu_typo_transform_tablet":"","ocean_menu_typo_transform_mobile":"","ocean_menu_typo_line_height":0,"ocean_menu_typo_line_height_tablet":0,"ocean_menu_typo_line_height_mobile":0,"ocean_menu_typo_line_height_unit":"","ocean_menu_typo_spacing":0,"ocean_menu_typo_spacing_tablet":0,"ocean_menu_typo_spacing_mobile":0,"ocean_menu_typo_spacing_unit":"","ocean_menu_link_color":"","ocean_menu_link_color_hover":"","ocean_menu_link_color_active":"","ocean_menu_link_background":"","ocean_menu_link_hover_background":"","ocean_menu_link_active_background":"","ocean_menu_social_links_bg":"","ocean_menu_social_hover_links_bg":"","ocean_menu_social_links_color":"","ocean_menu_social_hover_links_color":"","ocean_disable_title":"default","ocean_disable_heading":"default","ocean_post_title":"","ocean_post_subheading":"","ocean_post_title_style":"","ocean_post_title_background_color":"","ocean_post_title_background":0,"ocean_post_title_bg_image_position":"","ocean_post_title_bg_image_attachment":"","ocean_post_title_bg_image_repeat":"","ocean_post_title_bg_image_size":"","ocean_post_title_height":0,"ocean_post_title_bg_overlay":0.5,"ocean_post_title_bg_overlay_color":"","ocean_disable_breadcrumbs":"default","ocean_breadcrumbs_color":"","ocean_breadcrumbs_separator_color":"","ocean_breadcrumbs_links_color":"","ocean_breadcrumbs_links_hover_color":"","ocean_display_footer_widgets":"default","ocean_display_footer_bottom":"default","ocean_custom_footer_template":"","omw_enable_modal_window":"enable"},"product_cat":[342],"product_tag":[],"class_list":{"0":"post-3380","1":"product","2":"type-product","3":"status-publish","4":"has-post-thumbnail","6":"product_cat-educational-material","8":"entry","9":"has-media","11":"first","12":"instock","13":"taxable","14":"shipping-taxable","15":"purchasable","16":"product-type-simple","17":"has-product-nav","18":"col","19":"span_1_of_4","20":"owp-content-center","21":"item-entry","22":"owp-thumbs-layout-horizontal","23":"owp-btn-normal","24":"owp-tabs-layout-horizontal","25":"has-no-thumbnails"},"_links":{"self":[{"href":"https:\/\/kontrapunktmusic.com\/en\/wp-json\/wp\/v2\/product\/3380","targetHints":{"allow":["GET"]}}],"collection":[{"href":"https:\/\/kontrapunktmusic.com\/en\/wp-json\/wp\/v2\/product"}],"about":[{"href":"https:\/\/kontrapunktmusic.com\/en\/wp-json\/wp\/v2\/types\/product"}],"wp:featuredmedia":[{"embeddable":true,"href":"https:\/\/kontrapunktmusic.com\/en\/wp-json\/wp\/v2\/media\/2643"}],"wp:attachment":[{"href":"https:\/\/kontrapunktmusic.com\/en\/wp-json\/wp\/v2\/media?parent=3380"}],"wp:term":[{"taxonomy":"product_cat","embeddable":true,"href":"https:\/\/kontrapunktmusic.com\/en\/wp-json\/wp\/v2\/product_cat?post=3380"},{"taxonomy":"product_tag","embeddable":true,"href":"https:\/\/kontrapunktmusic.com\/en\/wp-json\/wp\/v2\/product_tag?post=3380"}],"curies":[{"name":"wp","href":"https:\/\/api.w.org\/{rel}","templated":true}]}}