{"id":4197,"date":"2022-02-15T19:14:58","date_gmt":"2022-02-15T18:14:58","guid":{"rendered":"https:\/\/kontrapunktmusic.com\/product\/ferenc-farkas-cantiones-optimae\/"},"modified":"2022-03-15T11:02:28","modified_gmt":"2022-03-15T10:02:28","slug":"farkas-ferenc-cantiones-optimae-2","status":"publish","type":"product","link":"https:\/\/kontrapunktmusic.com\/en\/product\/farkas-ferenc-cantiones-optimae-2\/","title":{"rendered":"Ferenc Farkas: Cantiones optim\u00e6"},"content":{"rendered":"<p>Songs for soprano and piano or string orchestra based on old Hungarian sacred melodies<\/p>\n<p>Text in hungarian<\/p>\n<ul>\n<li>French translated by Fran\u00e7oise Farkas<\/li>\n<\/ul>\n<p>Movements<\/p>\n<ul class=\"movements\">\n<li class=\"movement\"><span class=\"movement--pos\">1)<\/span><span class=\"movement--title\">B\u00e1torit\u00e1s a hal\u00e1l ellen \/ Encouragement devant la mort<\/span><\/li>\n<li class=\"movement\"><span class=\"movement--pos\">2)<\/span><span class=\"movement--title\">K\u00f6ny\u00f6rg\u00e9s \/ Imploration<\/span><\/li>\n<li class=\"movement\"><span class=\"movement--pos\">3)<\/span><span class=\"movement--title\">M\u00e1ri\u00e1 \u00e9nek \/ Chant \u00e0 Marie<\/span><\/li>\n<li class=\"movement\"><span class=\"movement--pos\">4)<\/span><span class=\"movement--title\"><span class=\"movement--title\">O J\u00e9zus \/ Oh J\u00e9sus<\/span><\/span>\n<p class=\"responsive-video-wrap clr\"><iframe loading=\"lazy\" title=\"Cantiones Optimae: I. Batoritas a halal ellen (Encouragement before death)\" width=\"1200\" height=\"900\" src=\"https:\/\/www.youtube.com\/embed\/btZdtp3uQB4?feature=oembed\" frameborder=\"0\" allow=\"accelerometer; autoplay; clipboard-write; encrypted-media; gyroscope; picture-in-picture\" allowfullscreen><\/iframe><\/p>\n<\/li>\n<\/ul>\n","protected":false},"excerpt":{"rendered":"<p>Songs for soprano and piano or string orchestra based on old Hungarian sacred melodies Text in hungarian French translated by Fran\u00e7oise Farkas Movements 1)B\u00e1torit\u00e1s a hal\u00e1l ellen \/ Encouragement devant la mort 2)K\u00f6ny\u00f6rg\u00e9s \/ Imploration 3)M\u00e1ri\u00e1 \u00e9nek \/ Chant \u00e0 Marie 4)O J\u00e9zus \/ Oh J\u00e9sus<\/p>\n","protected":false},"featured_media":2238,"template":"","meta":{"ocean_post_layout":"","ocean_both_sidebars_style":"","ocean_both_sidebars_content_width":0,"ocean_both_sidebars_sidebars_width":0,"ocean_sidebar":"","ocean_second_sidebar":"","ocean_disable_margins":"enable","ocean_add_body_class":"","ocean_shortcode_before_top_bar":"","ocean_shortcode_after_top_bar":"","ocean_shortcode_before_header":"","ocean_shortcode_after_header":"","ocean_has_shortcode":"","ocean_shortcode_after_title":"","ocean_shortcode_before_footer_widgets":"","ocean_shortcode_after_footer_widgets":"","ocean_shortcode_before_footer_bottom":"","ocean_shortcode_after_footer_bottom":"","ocean_display_top_bar":"default","ocean_display_header":"default","ocean_header_style":"","ocean_center_header_left_menu":"","ocean_custom_header_template":"","ocean_custom_logo":0,"ocean_custom_retina_logo":0,"ocean_custom_logo_max_width":0,"ocean_custom_logo_tablet_max_width":0,"ocean_custom_logo_mobile_max_width":0,"ocean_custom_logo_max_height":0,"ocean_custom_logo_tablet_max_height":0,"ocean_custom_logo_mobile_max_height":0,"ocean_header_custom_menu":"","ocean_menu_typo_font_family":"","ocean_menu_typo_font_subset":"","ocean_menu_typo_font_size":0,"ocean_menu_typo_font_size_tablet":0,"ocean_menu_typo_font_size_mobile":0,"ocean_menu_typo_font_size_unit":"px","ocean_menu_typo_font_weight":"","ocean_menu_typo_font_weight_tablet":"","ocean_menu_typo_font_weight_mobile":"","ocean_menu_typo_transform":"","ocean_menu_typo_transform_tablet":"","ocean_menu_typo_transform_mobile":"","ocean_menu_typo_line_height":0,"ocean_menu_typo_line_height_tablet":0,"ocean_menu_typo_line_height_mobile":0,"ocean_menu_typo_line_height_unit":"","ocean_menu_typo_spacing":0,"ocean_menu_typo_spacing_tablet":0,"ocean_menu_typo_spacing_mobile":0,"ocean_menu_typo_spacing_unit":"","ocean_menu_link_color":"","ocean_menu_link_color_hover":"","ocean_menu_link_color_active":"","ocean_menu_link_background":"","ocean_menu_link_hover_background":"","ocean_menu_link_active_background":"","ocean_menu_social_links_bg":"","ocean_menu_social_hover_links_bg":"","ocean_menu_social_links_color":"","ocean_menu_social_hover_links_color":"","ocean_disable_title":"default","ocean_disable_heading":"default","ocean_post_title":"","ocean_post_subheading":"","ocean_post_title_style":"","ocean_post_title_background_color":"","ocean_post_title_background":0,"ocean_post_title_bg_image_position":"","ocean_post_title_bg_image_attachment":"","ocean_post_title_bg_image_repeat":"","ocean_post_title_bg_image_size":"","ocean_post_title_height":0,"ocean_post_title_bg_overlay":0.5,"ocean_post_title_bg_overlay_color":"","ocean_disable_breadcrumbs":"default","ocean_breadcrumbs_color":"","ocean_breadcrumbs_separator_color":"","ocean_breadcrumbs_links_color":"","ocean_breadcrumbs_links_hover_color":"","ocean_display_footer_widgets":"default","ocean_display_footer_bottom":"default","ocean_custom_footer_template":"","omw_enable_modal_window":"enable"},"product_cat":[285,287],"product_tag":[],"class_list":{"0":"post-4197","1":"product","2":"type-product","3":"status-publish","4":"has-post-thumbnail","6":"product_cat-song","7":"product_cat-with-instrumental-accompaniment","9":"entry","10":"has-media","12":"first","13":"instock","14":"taxable","15":"shipping-taxable","16":"purchasable","17":"product-type-simple","18":"has-product-nav","19":"col","20":"span_1_of_4","21":"owp-content-center","22":"item-entry","23":"owp-thumbs-layout-horizontal","24":"owp-btn-normal","25":"owp-tabs-layout-horizontal","26":"has-no-thumbnails"},"_links":{"self":[{"href":"https:\/\/kontrapunktmusic.com\/en\/wp-json\/wp\/v2\/product\/4197","targetHints":{"allow":["GET"]}}],"collection":[{"href":"https:\/\/kontrapunktmusic.com\/en\/wp-json\/wp\/v2\/product"}],"about":[{"href":"https:\/\/kontrapunktmusic.com\/en\/wp-json\/wp\/v2\/types\/product"}],"wp:featuredmedia":[{"embeddable":true,"href":"https:\/\/kontrapunktmusic.com\/en\/wp-json\/wp\/v2\/media\/2238"}],"wp:attachment":[{"href":"https:\/\/kontrapunktmusic.com\/en\/wp-json\/wp\/v2\/media?parent=4197"}],"wp:term":[{"taxonomy":"product_cat","embeddable":true,"href":"https:\/\/kontrapunktmusic.com\/en\/wp-json\/wp\/v2\/product_cat?post=4197"},{"taxonomy":"product_tag","embeddable":true,"href":"https:\/\/kontrapunktmusic.com\/en\/wp-json\/wp\/v2\/product_tag?post=4197"}],"curies":[{"name":"wp","href":"https:\/\/api.w.org\/{rel}","templated":true}]}}