{"id":6604,"date":"2026-02-03T14:45:44","date_gmt":"2026-02-03T13:45:44","guid":{"rendered":"https:\/\/kontrapunktmusic.com\/?post_type=product&#038;p=6604"},"modified":"2026-02-03T14:51:13","modified_gmt":"2026-02-03T13:51:13","slug":"bartok-bela-choral-works-for-male-voices","status":"publish","type":"product","link":"https:\/\/kontrapunktmusic.com\/en\/product\/bartok-bela-choral-works-for-male-voices\/","title":{"rendered":"Bart\u00f3k B\u00e9la: Choral Works for Male Voices"},"content":{"rendered":"<p>Based on the B\u00e9la Bart\u00f3k Complete Critical Edition (Z. 15009), this volume includes Bart\u00f3k&#8217;s complete works for male voices. The lyrics in this Urtext edition are in the original languages and in the translations authorized by the composer. Literal English translations are provided in the appendix, which also includes the early version of Four Hungarian Folk Songs and the German version of movements 3 to 6 from Sz\u00e9kely Folk Songs.<\/p>\n<p>The edition is complete with an informative preface (in Hungarian, English, and German) and detailed Editorial Comments (in Hungarian and English). The Comments give an overview of the textual, folk-music, and compositional sources, and provide detailed information on the performance practice of Bart\u00f3k&#8217;s choral works.<\/p>\n<p>The edition has been printed on high-quality and environmentally-friendly paper.<\/p>\n<p>This volume is also available cloth-bound, along with the volumes for children&#8217;s and female voices and for mixed voices, in slipcase (Z. 20076). Separate editions of each work included in this volume are also available.<\/p>\n","protected":false},"excerpt":{"rendered":"<p>Based on the B\u00e9la Bart\u00f3k Complete Critical Edition (Z. 15009), this volume includes Bart\u00f3k&#8217;s complete works for male voices. The lyrics in this Urtext edition are in the original languages and in the translations authorized by the composer. Literal English translations are provided in the appendix, which also includes the early version of Four Hungarian [&hellip;]<\/p>\n","protected":false},"featured_media":6597,"template":"","meta":{"ocean_post_layout":"","ocean_both_sidebars_style":"","ocean_both_sidebars_content_width":0,"ocean_both_sidebars_sidebars_width":0,"ocean_sidebar":"","ocean_second_sidebar":"","ocean_disable_margins":"enable","ocean_add_body_class":"","ocean_shortcode_before_top_bar":"","ocean_shortcode_after_top_bar":"","ocean_shortcode_before_header":"","ocean_shortcode_after_header":"","ocean_has_shortcode":"","ocean_shortcode_after_title":"","ocean_shortcode_before_footer_widgets":"","ocean_shortcode_after_footer_widgets":"","ocean_shortcode_before_footer_bottom":"","ocean_shortcode_after_footer_bottom":"","ocean_display_top_bar":"default","ocean_display_header":"default","ocean_header_style":"","ocean_center_header_left_menu":"","ocean_custom_header_template":"","ocean_custom_logo":0,"ocean_custom_retina_logo":0,"ocean_custom_logo_max_width":0,"ocean_custom_logo_tablet_max_width":0,"ocean_custom_logo_mobile_max_width":0,"ocean_custom_logo_max_height":0,"ocean_custom_logo_tablet_max_height":0,"ocean_custom_logo_mobile_max_height":0,"ocean_header_custom_menu":"","ocean_menu_typo_font_family":"","ocean_menu_typo_font_subset":"","ocean_menu_typo_font_size":0,"ocean_menu_typo_font_size_tablet":0,"ocean_menu_typo_font_size_mobile":0,"ocean_menu_typo_font_size_unit":"px","ocean_menu_typo_font_weight":"","ocean_menu_typo_font_weight_tablet":"","ocean_menu_typo_font_weight_mobile":"","ocean_menu_typo_transform":"","ocean_menu_typo_transform_tablet":"","ocean_menu_typo_transform_mobile":"","ocean_menu_typo_line_height":0,"ocean_menu_typo_line_height_tablet":0,"ocean_menu_typo_line_height_mobile":0,"ocean_menu_typo_line_height_unit":"","ocean_menu_typo_spacing":0,"ocean_menu_typo_spacing_tablet":0,"ocean_menu_typo_spacing_mobile":0,"ocean_menu_typo_spacing_unit":"","ocean_menu_link_color":"","ocean_menu_link_color_hover":"","ocean_menu_link_color_active":"","ocean_menu_link_background":"","ocean_menu_link_hover_background":"","ocean_menu_link_active_background":"","ocean_menu_social_links_bg":"","ocean_menu_social_hover_links_bg":"","ocean_menu_social_links_color":"","ocean_menu_social_hover_links_color":"","ocean_disable_title":"default","ocean_disable_heading":"default","ocean_post_title":"","ocean_post_subheading":"","ocean_post_title_style":"","ocean_post_title_background_color":"","ocean_post_title_background":0,"ocean_post_title_bg_image_position":"","ocean_post_title_bg_image_attachment":"","ocean_post_title_bg_image_repeat":"","ocean_post_title_bg_image_size":"","ocean_post_title_height":0,"ocean_post_title_bg_overlay":0.5,"ocean_post_title_bg_overlay_color":"","ocean_disable_breadcrumbs":"default","ocean_breadcrumbs_color":"","ocean_breadcrumbs_separator_color":"","ocean_breadcrumbs_links_color":"","ocean_breadcrumbs_links_hover_color":"","ocean_display_footer_widgets":"default","ocean_display_footer_bottom":"default","ocean_custom_footer_template":"","omw_enable_modal_window":"enable"},"product_cat":[316,335],"product_tag":[],"class_list":{"0":"post-6604","1":"product","2":"type-product","3":"status-publish","4":"has-post-thumbnail","6":"product_cat-choral-works","7":"product_cat-mans-choir","9":"entry","10":"has-media","12":"first","13":"instock","14":"taxable","15":"shipping-taxable","16":"purchasable","17":"product-type-simple","18":"has-product-nav","19":"col","20":"span_1_of_4","21":"owp-content-center","22":"item-entry","23":"owp-thumbs-layout-horizontal","24":"owp-btn-normal","25":"owp-tabs-layout-horizontal","26":"has-no-thumbnails"},"_links":{"self":[{"href":"https:\/\/kontrapunktmusic.com\/en\/wp-json\/wp\/v2\/product\/6604","targetHints":{"allow":["GET"]}}],"collection":[{"href":"https:\/\/kontrapunktmusic.com\/en\/wp-json\/wp\/v2\/product"}],"about":[{"href":"https:\/\/kontrapunktmusic.com\/en\/wp-json\/wp\/v2\/types\/product"}],"wp:featuredmedia":[{"embeddable":true,"href":"https:\/\/kontrapunktmusic.com\/en\/wp-json\/wp\/v2\/media\/6597"}],"wp:attachment":[{"href":"https:\/\/kontrapunktmusic.com\/en\/wp-json\/wp\/v2\/media?parent=6604"}],"wp:term":[{"taxonomy":"product_cat","embeddable":true,"href":"https:\/\/kontrapunktmusic.com\/en\/wp-json\/wp\/v2\/product_cat?post=6604"},{"taxonomy":"product_tag","embeddable":true,"href":"https:\/\/kontrapunktmusic.com\/en\/wp-json\/wp\/v2\/product_tag?post=6604"}],"curies":[{"name":"wp","href":"https:\/\/api.w.org\/{rel}","templated":true}]}}